{"id":41,"date":"2023-04-03T20:55:21","date_gmt":"2023-04-03T18:55:21","guid":{"rendered":"https:\/\/istitutobuenosaires.esteri.it\/?page_id=41"},"modified":"2026-01-02T15:48:23","modified_gmt":"2026-01-02T06:48:23","slug":"contatti","status":"publish","type":"page","link":"https:\/\/iicosaka.esteri.it\/it\/chi-siamo\/contatti\/","title":{"rendered":"Contatti"},"content":{"rendered":"<p><strong>Contatti<\/strong><br \/>\nTel: +81-(0)6-6227-8556 (Corsi di lingua)<br \/>\nTel: +81-(0)6-6229-0066<\/p>\n<p style=\"text-align: justify;\"><strong>E-mail<br \/>\n<\/strong><strong>Corsi di lingua:<\/strong> <a href=\"mailto:corsi@iicosaka.jp\" target=\"_blank\" rel=\"noopener\">corsi@iicosaka.jp<\/a><br \/>\n<strong>Manifestazioni culturali:<\/strong> <a href=\"mailto:eventi@iicosaka.jp\" target=\"_blank\" rel=\"noopener\">eventi@iicosaka.jp<\/a><br \/>\nAmministrazione: <a href=\"mailto:iicosaka@esteri.it\">iicosaka@esteri.it<\/a><\/p>\n<p style=\"text-align: justify;\"><strong>PEC:<\/strong> <a href=\"mailto:iic.osaka@cert.esteri.it\">iic.osaka@cert.esteri.it<\/a><\/p>\n<p style=\"text-align: justify;\"><em>Per chi desidera inviare una proposta culturale (mostra, concerto, conferenza ecc.)<\/em>.<em><br \/>\n<\/em>Valutiamo con attenzione tutte le proposte ricevute. La proposta ideale comprende una breve descrizione, una lista dei requisiti tecnici e logistici, e un prospetto di massima dei costi. Non \u00e8 gradito l\u2019invio di allegati di grandi dimensioni. A causa dell\u2019elevato numero di proposte che riceviamo, non ci \u00e8 possibile n\u00e9 rispondere individualmente n\u00e9 fornire aggiornamenti al telefono o via mail. Alle proposte ritenute interessanti viene dato riscontro, per gli eventuali seguiti, entro 4\/6 settimane. Grazie!<\/p>\n<p><strong>Orari<\/strong><br \/>\nUffici<\/p>\n<ul>\n<li>dal luned\u00ec al venerd\u00ec: 10:00-13:00 \/ 14:00-18:00<\/li>\n<li>luned\u00ec e mercoled\u00ec fino alle 18:30<\/li>\n<\/ul>\n<p>Segreteria corsi<\/p>\n<ul>\n<li>dal luned\u00ec al venerd\u00ec: 10:00-13:00 \/ 14:00-18:00 (si accettano pagamenti in contanti solo fino alle 17:00)<\/li>\n<\/ul>\n<p><strong>Giorni festivi dell&#8217;anno 2026<\/strong><\/p>\n<table class=\"table\" border=\"0\">\n<tbody>\n<tr>\n<td>1 gennaio<\/td>\n<td>Capodanno<\/td>\n<\/tr>\n<tr>\n<td>11 febbraio<\/td>\n<td>Fondazione del Giappone<\/td>\n<\/tr>\n<tr>\n<td>23 febbraio<\/td>\n<td>Festa Nazionale Genetliaco di S.M. L&#8217;Imperatore del Giappone<\/td>\n<\/tr>\n<tr>\n<td>6 aprile<\/td>\n<td>Luned\u00ec dell&#8217;Angelo<\/td>\n<\/tr>\n<tr>\n<td>25 aprile<\/td>\n<td>Anniversario della Liberazione<\/td>\n<\/tr>\n<tr>\n<td>1 maggio<\/td>\n<td>Festa del Lavoro<\/td>\n<\/tr>\n<tr>\n<td>3 maggio<\/td>\n<td>Comm. Promulgazione Costituzione Giappone<\/td>\n<\/tr>\n<tr>\n<td>2 giugno<\/td>\n<td>Festa della Repubblica Italiana<\/td>\n<\/tr>\n<tr>\n<td>15 agosto<\/td>\n<td>Assunzione<\/td>\n<\/tr>\n<tr>\n<td>4 ottobre<\/td>\n<td>Festa Nazionale di San Francesco d&#8217;Assisi<\/td>\n<\/tr>\n<tr>\n<td>25 dicembre<\/td>\n<td>Natale<\/td>\n<\/tr>\n<tr>\n<td>26 dicembre<\/td>\n<td>Santo Stefano<\/td>\n<\/tr>\n<\/tbody>\n<\/table>\n","protected":false},"excerpt":{"rendered":"Contatti Tel: +81-(0)6-6227-8556 (Corsi di lingua) Tel: +81-(0)6-6229-0066 E-mail Corsi di lingua: corsi@iicosaka.jp Manifestazioni culturali: eventi@iicosaka.jp Amministrazione: iicosaka@esteri.it PEC: iic.osaka@cert.esteri.it Per chi desidera inviare una proposta culturale (mostra, concerto, conferenza ecc.). Valutiamo con attenzione tutte le proposte ricevute. La proposta ideale comprende una breve descrizione, una lista dei requisiti tecnici e logistici, e un prospetto [&hellip;]","protected":false},"author":1,"featured_media":0,"parent":15,"menu_order":4,"comment_status":"closed","ping_status":"closed","template":"","meta":{"footnotes":""},"class_list":["post-41","page","type-page","status-publish","hentry"],"_links":{"self":[{"href":"https:\/\/iicosaka.esteri.it\/it\/wp-json\/wp\/v2\/pages\/41","targetHints":{"allow":["GET"]}}],"collection":[{"href":"https:\/\/iicosaka.esteri.it\/it\/wp-json\/wp\/v2\/pages"}],"about":[{"href":"https:\/\/iicosaka.esteri.it\/it\/wp-json\/wp\/v2\/types\/page"}],"author":[{"embeddable":true,"href":"https:\/\/iicosaka.esteri.it\/it\/wp-json\/wp\/v2\/users\/1"}],"replies":[{"embeddable":true,"href":"https:\/\/iicosaka.esteri.it\/it\/wp-json\/wp\/v2\/comments?post=41"}],"version-history":[{"count":7,"href":"https:\/\/iicosaka.esteri.it\/it\/wp-json\/wp\/v2\/pages\/41\/revisions"}],"predecessor-version":[{"id":8143,"href":"https:\/\/iicosaka.esteri.it\/it\/wp-json\/wp\/v2\/pages\/41\/revisions\/8143"}],"up":[{"embeddable":true,"href":"https:\/\/iicosaka.esteri.it\/it\/wp-json\/wp\/v2\/pages\/15"}],"wp:attachment":[{"href":"https:\/\/iicosaka.esteri.it\/it\/wp-json\/wp\/v2\/media?parent=41"}],"curies":[{"name":"wp","href":"https:\/\/api.w.org\/{rel}","templated":true}]}}